{"id":1755,"date":"2020-02-07T18:11:40","date_gmt":"2020-02-07T18:11:40","guid":{"rendered":"https:\/\/ninetheme.com\/themes\/naturally\/?post_type=product&#038;p=1755"},"modified":"2025-05-27T08:04:17","modified_gmt":"2025-05-27T08:04:17","slug":"organic-patato","status":"publish","type":"product","link":"https:\/\/coopsanleone.it\/index.php\/product\/organic-patato\/","title":{"rendered":"Pomodoro a grappolo rosso"},"content":{"rendered":"<p><strong>Pomodoro a grappolo rosso confezione 500 gr<\/strong><\/p>\n<p>Il\u00a0<b>pomodoro grappolo rosso\u00a0<\/b>\u00e8 originario dell\u2019America del Sud ma la sua estensione in Europa si \u00e8 avuta con la scoperta del Nuovo Continente.<\/p>\n<p>Il\u00a0<b>pomodoro grappolo rosso<\/b>\u00a0richiede una coltivazione in generale con temperature miti ma oggi \u00e8 coltivato un po\u2019 ovunque anche con clima non eccessivamente caldo. Il\u00a0<b>pomodoro grappolo rosso<\/b>\u00a0ha molteplici caratteristiche tra cui quelle nutritive come\u00a0<i>antiossidanti, Vitamina C e Vitamina A<\/i>. Il\u00a0<b>pomodoro grappolo rosso<\/b>\u00a0viene utilizzato in moltissime ricette, sia nella variante cotta come condimento per diversi piatti, sia nella variante cruda all\u2019insalata da unire alle lattughe e altri tipi di insalate. Il\u00a0<b>pomodoro grappolo rosso<\/b>\u00a0\u00e8 presente soprattutto nelle Regioni del Sud ma grazie alla coltivazione in serra ormai \u00e8 presente anche nelle regioni del Nord. Il clima temperato comunque favorisce la sua sapidit\u00e0 e una crescita spontanea e giusta per la sua maturazione.<\/p>\n<p><b>POMODORO GRAPPOLO ROSSO: COME SI COLTIVA E QUANDO SI RACCOGLIE<\/b><\/p>\n<p>Il\u00a0<b>pomodoro grappolo rosso<\/b>\u00a0possiede un elevato contenuto di licopene, che \u00e8 il pigmento che d\u00e0 il colore rosso vivo tipico del pomodoro. Le caratteristiche benefiche del\u00a0<b>pomodoro grappolo rosso<\/b>\u00a0riducono sensibilmente i problemi cardiovascolari e il rischio di cancro alla prostata e allo stomaco. Il\u00a0<b>pomodoro grappolo rosso<\/b>\u00a0viene coltivato in serra e in pieno campo. Per la coltivazione in serra il periodo di semina \u00e8 a febbraio con opportune coperture. Il periodo di semina del\u00a0<b>pomodoro grappolo rosso<\/b>\u00a0in pieno campo invece avviene nel periodo di marzo-aprile. La raccolta del\u00a0<b>pomodoro grappolo rosso\u00a0<\/b>si ha durante l\u2019estate e perci\u00f2 la sua coltivazione necessita di cura e il giusto apporto di acqua.<\/p>\n","protected":false},"excerpt":{"rendered":"<p><strong>Pomodoro a grappolo rosso confezione 500 gr<\/strong><\/p>\n<p>&nbsp;<\/p>\n","protected":false},"featured_media":4824,"comment_status":"open","ping_status":"closed","template":"","meta":{"_acf_changed":false},"product_brand":[],"product_cat":[36,82],"product_tag":[38,49,53,61],"class_list":{"0":"post-1755","1":"product","2":"type-product","3":"status-publish","4":"has-post-thumbnail","6":"product_cat-pomodori","7":"product_cat-tondo-a-grappolo","8":"product_tag-delicious","9":"product_tag-mushroom","10":"product_tag-patato","11":"product_tag-vegetables","12":"nt-post-class","13":"","14":"masonry-item","15":"col-lg-6","23":"first","24":"instock","25":"shipping-taxable","26":"purchasable","27":"product-type-simple","28":"add-to-wishlist-after_add_to_cart"},"bundled_by":[],"bundle_stock_status":"instock","bundle_stock_quantity":null,"bundle_virtual":false,"bundle_layout":"","bundle_add_to_cart_form_location":"","bundle_editable_in_cart":false,"bundle_sold_individually_context":"","bundle_item_grouping":"","bundle_min_size":"","bundle_max_size":"","bundle_price":[],"bundled_items":[],"bundle_sell_ids":[],"acf":[],"jetpack_sharing_enabled":true,"_links":{"self":[{"href":"https:\/\/coopsanleone.it\/index.php\/wp-json\/wp\/v2\/product\/1755","targetHints":{"allow":["GET"]}}],"collection":[{"href":"https:\/\/coopsanleone.it\/index.php\/wp-json\/wp\/v2\/product"}],"about":[{"href":"https:\/\/coopsanleone.it\/index.php\/wp-json\/wp\/v2\/types\/product"}],"replies":[{"embeddable":true,"href":"https:\/\/coopsanleone.it\/index.php\/wp-json\/wp\/v2\/comments?post=1755"}],"wp:featuredmedia":[{"embeddable":true,"href":"https:\/\/coopsanleone.it\/index.php\/wp-json\/wp\/v2\/media\/4824"}],"wp:attachment":[{"href":"https:\/\/coopsanleone.it\/index.php\/wp-json\/wp\/v2\/media?parent=1755"}],"wp:term":[{"taxonomy":"product_brand","embeddable":true,"href":"https:\/\/coopsanleone.it\/index.php\/wp-json\/wp\/v2\/product_brand?post=1755"},{"taxonomy":"product_cat","embeddable":true,"href":"https:\/\/coopsanleone.it\/index.php\/wp-json\/wp\/v2\/product_cat?post=1755"},{"taxonomy":"product_tag","embeddable":true,"href":"https:\/\/coopsanleone.it\/index.php\/wp-json\/wp\/v2\/product_tag?post=1755"}],"curies":[{"name":"wp","href":"https:\/\/api.w.org\/{rel}","templated":true}]}}